{"id":2057,"date":"2022-12-14T17:24:21","date_gmt":"2022-12-14T17:24:21","guid":{"rendered":"https:\/\/www.luovani.fi\/?page_id=2057"},"modified":"2024-10-28T05:19:57","modified_gmt":"2024-10-28T05:19:57","slug":"elementor-2057","status":"publish","type":"page","link":"https:\/\/www.luovani.fi\/?page_id=2057","title":{"rendered":"hinnasto"},"content":{"rendered":"<h1>Hinnasto<\/h1>\n<h2>Palveluiden hinnat<\/h2>\n<p>Hinnat:<\/p>\n<ul>\n<li>BrainRelief- hoito 68\u20ac\/ kerta. 3 krt sarja- ale 189\u20ac (sis Alv 25,5%)<\/li>\n<li>Auvo-hoito 40 \u20ac\/kerta (sis Alv 25,5%)<\/li>\n<li>\u00a0<\/li>\n<li>Ty\u00f6nohjaus yksil\u00f6ty\u00f6nohjauksena et\u00e4n\u00e4 tai l\u00e4hiohjauksena. <br \/>60 min 98\u20ac + Alv 25,5 % <br \/>90 min 135,00\u20ac + Alv 25,5 %<\/li>\n<li>Ty\u00f6nohjaus ja Auvo-hoito 90 min yht. 135\u20ac +Alv 25,5%<\/li>\n<li>\u00a0<\/li>\n<li>Ryhm\u00e4ty\u00f6nohjaus<br \/>et\u00e4n\u00e4 tai l\u00e4hiohjauksena. <br \/>90 min 220,00 \u20ac + Alv 25,5 % 1-5 henk.<br \/>90 min 250,00 \u20ac + Alv 25,5 % yli 5 henk.<br \/>(Ryhm\u00e4ty\u00f6nohjaus minimiaika 1,5h) . <br \/>Asiakkaan toiveesta kesto voidaan sopia tarvittaessa yksil\u00f6llisesti<\/li>\n<li>\u00a0<\/li>\n<li>Taideterapia yksil\u00f6hinta 135\u20ac 1,5h +Alv 25,5% kesto voidaan sopia sinun tarpeen mukaan.<\/li>\n<li>Taideterapia ryhm\u00e4lle 90 min. max. 5 henk. 220\u20ac + Alv 25,5%<\/li>\n<li>Taideterapia isommille ryhmille sovitaan erikseen.<\/li>\n<li>\u00a0<\/li>\n<li>Otathan yhteytt\u00e4 ja kysy tarjousta!<\/li>\n<\/ul>\n<style type=\"text\/css\">\n.elementor-container.elementor-column-gap-default {\n    min-height: 605px;\n    margin-top: -130px;\n    margin-bottom: 130px;\n}\n.ast-primary-header-bar {\n    background-color: transparent;\n    \/* background-image: none; *\/\n}\n.ast-builder-menu-1 .menu-item > .menu-link {\n    color: var(--ast-global-color-5);\n}\n.ast-desktop .ast-builder-menu-1 .menu-item .sub-menu .menu-link\n{\ncolor: var(--ast-global-color-3);\n}\n\/* Media Query for Tablets Ipads portrait mode *\/\n@media (max-width: 921px){\n.elementor-container.elementor-column-gap-default {\n    min-height: 240px !important;\n}\n.ast-builder-menu-1 .menu-item > .menu-link {\n    color: var(--ast-global-color-3);\n}\n}\n<\/style>\n","protected":false},"excerpt":{"rendered":"<p>Hinnasto Palveluiden hinnat Hinnat: BrainRelief- hoito 68\u20ac\/ kerta. 3 krt sarja- ale 189\u20ac (sis Alv 25,5%) Auvo-hoito 40 \u20ac\/kerta (sis Alv 25,5%) \u00a0 Ty\u00f6nohjaus yksil\u00f6ty\u00f6nohjauksena et\u00e4n\u00e4 tai l\u00e4hiohjauksena. 60 min 98\u20ac + Alv 25,5 % 90 min 135,00\u20ac + Alv 25,5 % Ty\u00f6nohjaus ja Auvo-hoito 90 min yht. 135\u20ac +Alv 25,5% \u00a0 Ryhm\u00e4ty\u00f6nohjauset\u00e4n\u00e4 tai l\u00e4hiohjauksena. &hellip;<\/p>\n<p class=\"read-more\"> <a class=\"\" href=\"https:\/\/www.luovani.fi\/?page_id=2057\"> <span class=\"screen-reader-text\">hinnasto<\/span> Lue lis\u00e4\u00e4 &raquo;<\/a><\/p>\n","protected":false},"author":1,"featured_media":0,"parent":0,"menu_order":0,"comment_status":"closed","ping_status":"closed","template":"","meta":{"site-sidebar-layout":"no-sidebar","site-content-layout":"page-builder","ast-global-header-display":"","ast-main-header-display":"","ast-hfb-above-header-display":"","ast-hfb-below-header-display":"","ast-hfb-mobile-header-display":"","site-post-title":"disabled","ast-breadcrumbs-content":"","ast-featured-img":"disabled","footer-sml-layout":"","theme-transparent-header-meta":"","adv-header-id-meta":"","stick-header-meta":"","header-above-stick-meta":"","header-main-stick-meta":"","header-below-stick-meta":"","footnotes":""},"class_list":["post-2057","page","type-page","status-publish","hentry"],"yoast_head":"<!-- This site is optimized with the Yoast SEO plugin v21.8 - https:\/\/yoast.com\/wordpress\/plugins\/seo\/ -->\n<title>hinnasto - Jonna Patam\u00e4ki<\/title>\n<meta name=\"robots\" content=\"index, follow, max-snippet:-1, max-image-preview:large, max-video-preview:-1\" \/>\n<link rel=\"canonical\" href=\"https:\/\/www.luovani.fi\/?page_id=2057\" \/>\n<meta property=\"og:locale\" content=\"fi_FI\" \/>\n<meta property=\"og:type\" content=\"article\" \/>\n<meta property=\"og:title\" content=\"hinnasto - Jonna Patam\u00e4ki\" \/>\n<meta property=\"og:description\" content=\"Hinnasto Palveluiden hinnat Hinnat: BrainRelief- hoito 68\u20ac\/ kerta. 3 krt sarja- ale 189\u20ac (sis Alv 25,5%) Auvo-hoito 40 \u20ac\/kerta (sis Alv 25,5%) \u00a0 Ty\u00f6nohjaus yksil\u00f6ty\u00f6nohjauksena et\u00e4n\u00e4 tai l\u00e4hiohjauksena. 60 min 98\u20ac + Alv 25,5 % 90 min 135,00\u20ac + Alv 25,5 % Ty\u00f6nohjaus ja Auvo-hoito 90 min yht. 135\u20ac +Alv 25,5% \u00a0 Ryhm\u00e4ty\u00f6nohjauset\u00e4n\u00e4 tai l\u00e4hiohjauksena. &hellip; hinnasto Lue lis\u00e4\u00e4 &raquo;\" \/>\n<meta property=\"og:url\" content=\"https:\/\/www.luovani.fi\/?page_id=2057\" \/>\n<meta property=\"og:site_name\" content=\"Jonna Patam\u00e4ki\" \/>\n<meta property=\"article:modified_time\" content=\"2024-10-28T05:19:57+00:00\" \/>\n<meta name=\"twitter:card\" content=\"summary_large_image\" \/>\n<meta name=\"twitter:label1\" content=\"Arvioitu lukuaika\" \/>\n\t<meta name=\"twitter:data1\" content=\"1 minuutti\" \/>\n<script type=\"application\/ld+json\" class=\"yoast-schema-graph\">{\"@context\":\"https:\/\/schema.org\",\"@graph\":[{\"@type\":\"WebPage\",\"@id\":\"https:\/\/www.luovani.fi\/?page_id=2057\",\"url\":\"https:\/\/www.luovani.fi\/?page_id=2057\",\"name\":\"hinnasto - Jonna Patam\u00e4ki\",\"isPartOf\":{\"@id\":\"https:\/\/www.luovani.fi\/#website\"},\"datePublished\":\"2022-12-14T17:24:21+00:00\",\"dateModified\":\"2024-10-28T05:19:57+00:00\",\"breadcrumb\":{\"@id\":\"https:\/\/www.luovani.fi\/?page_id=2057#breadcrumb\"},\"inLanguage\":\"fi\",\"potentialAction\":[{\"@type\":\"ReadAction\",\"target\":[\"https:\/\/www.luovani.fi\/?page_id=2057\"]}]},{\"@type\":\"BreadcrumbList\",\"@id\":\"https:\/\/www.luovani.fi\/?page_id=2057#breadcrumb\",\"itemListElement\":[{\"@type\":\"ListItem\",\"position\":1,\"name\":\"Home\",\"item\":\"https:\/\/www.luovani.fi\/\"},{\"@type\":\"ListItem\",\"position\":2,\"name\":\"hinnasto\"}]},{\"@type\":\"WebSite\",\"@id\":\"https:\/\/www.luovani.fi\/#website\",\"url\":\"https:\/\/www.luovani.fi\/\",\"name\":\"Jonna Patam\u00e4ki\",\"description\":\"Jonna Patam\u00e4ki palvelut\",\"publisher\":{\"@id\":\"https:\/\/www.luovani.fi\/#organization\"},\"potentialAction\":[{\"@type\":\"SearchAction\",\"target\":{\"@type\":\"EntryPoint\",\"urlTemplate\":\"https:\/\/www.luovani.fi\/?s={search_term_string}\"},\"query-input\":\"required name=search_term_string\"}],\"inLanguage\":\"fi\"},{\"@type\":\"Organization\",\"@id\":\"https:\/\/www.luovani.fi\/#organization\",\"name\":\"Jonna Patam\u00e4ki\",\"url\":\"https:\/\/www.luovani.fi\/\",\"logo\":{\"@type\":\"ImageObject\",\"inLanguage\":\"fi\",\"@id\":\"https:\/\/www.luovani.fi\/#\/schema\/logo\/image\/\",\"url\":\"https:\/\/www.luovani.fi\/wp-content\/uploads\/2022\/11\/logo-white.png\",\"contentUrl\":\"https:\/\/www.luovani.fi\/wp-content\/uploads\/2022\/11\/logo-white.png\",\"width\":86,\"height\":72,\"caption\":\"Jonna Patam\u00e4ki\"},\"image\":{\"@id\":\"https:\/\/www.luovani.fi\/#\/schema\/logo\/image\/\"}}]}<\/script>\n<!-- \/ Yoast SEO plugin. -->","yoast_head_json":{"title":"hinnasto - Jonna Patam\u00e4ki","robots":{"index":"index","follow":"follow","max-snippet":"max-snippet:-1","max-image-preview":"max-image-preview:large","max-video-preview":"max-video-preview:-1"},"canonical":"https:\/\/www.luovani.fi\/?page_id=2057","og_locale":"fi_FI","og_type":"article","og_title":"hinnasto - Jonna Patam\u00e4ki","og_description":"Hinnasto Palveluiden hinnat Hinnat: BrainRelief- hoito 68\u20ac\/ kerta. 3 krt sarja- ale 189\u20ac (sis Alv 25,5%) Auvo-hoito 40 \u20ac\/kerta (sis Alv 25,5%) \u00a0 Ty\u00f6nohjaus yksil\u00f6ty\u00f6nohjauksena et\u00e4n\u00e4 tai l\u00e4hiohjauksena. 60 min 98\u20ac + Alv 25,5 % 90 min 135,00\u20ac + Alv 25,5 % Ty\u00f6nohjaus ja Auvo-hoito 90 min yht. 135\u20ac +Alv 25,5% \u00a0 Ryhm\u00e4ty\u00f6nohjauset\u00e4n\u00e4 tai l\u00e4hiohjauksena. &hellip; hinnasto Lue lis\u00e4\u00e4 &raquo;","og_url":"https:\/\/www.luovani.fi\/?page_id=2057","og_site_name":"Jonna Patam\u00e4ki","article_modified_time":"2024-10-28T05:19:57+00:00","twitter_card":"summary_large_image","twitter_misc":{"Arvioitu lukuaika":"1 minuutti"},"schema":{"@context":"https:\/\/schema.org","@graph":[{"@type":"WebPage","@id":"https:\/\/www.luovani.fi\/?page_id=2057","url":"https:\/\/www.luovani.fi\/?page_id=2057","name":"hinnasto - Jonna Patam\u00e4ki","isPartOf":{"@id":"https:\/\/www.luovani.fi\/#website"},"datePublished":"2022-12-14T17:24:21+00:00","dateModified":"2024-10-28T05:19:57+00:00","breadcrumb":{"@id":"https:\/\/www.luovani.fi\/?page_id=2057#breadcrumb"},"inLanguage":"fi","potentialAction":[{"@type":"ReadAction","target":["https:\/\/www.luovani.fi\/?page_id=2057"]}]},{"@type":"BreadcrumbList","@id":"https:\/\/www.luovani.fi\/?page_id=2057#breadcrumb","itemListElement":[{"@type":"ListItem","position":1,"name":"Home","item":"https:\/\/www.luovani.fi\/"},{"@type":"ListItem","position":2,"name":"hinnasto"}]},{"@type":"WebSite","@id":"https:\/\/www.luovani.fi\/#website","url":"https:\/\/www.luovani.fi\/","name":"Jonna Patam\u00e4ki","description":"Jonna Patam\u00e4ki palvelut","publisher":{"@id":"https:\/\/www.luovani.fi\/#organization"},"potentialAction":[{"@type":"SearchAction","target":{"@type":"EntryPoint","urlTemplate":"https:\/\/www.luovani.fi\/?s={search_term_string}"},"query-input":"required name=search_term_string"}],"inLanguage":"fi"},{"@type":"Organization","@id":"https:\/\/www.luovani.fi\/#organization","name":"Jonna Patam\u00e4ki","url":"https:\/\/www.luovani.fi\/","logo":{"@type":"ImageObject","inLanguage":"fi","@id":"https:\/\/www.luovani.fi\/#\/schema\/logo\/image\/","url":"https:\/\/www.luovani.fi\/wp-content\/uploads\/2022\/11\/logo-white.png","contentUrl":"https:\/\/www.luovani.fi\/wp-content\/uploads\/2022\/11\/logo-white.png","width":86,"height":72,"caption":"Jonna Patam\u00e4ki"},"image":{"@id":"https:\/\/www.luovani.fi\/#\/schema\/logo\/image\/"}}]}},"_links":{"self":[{"href":"https:\/\/www.luovani.fi\/index.php?rest_route=\/wp\/v2\/pages\/2057","targetHints":{"allow":["GET"]}}],"collection":[{"href":"https:\/\/www.luovani.fi\/index.php?rest_route=\/wp\/v2\/pages"}],"about":[{"href":"https:\/\/www.luovani.fi\/index.php?rest_route=\/wp\/v2\/types\/page"}],"author":[{"embeddable":true,"href":"https:\/\/www.luovani.fi\/index.php?rest_route=\/wp\/v2\/users\/1"}],"replies":[{"embeddable":true,"href":"https:\/\/www.luovani.fi\/index.php?rest_route=%2Fwp%2Fv2%2Fcomments&post=2057"}],"version-history":[{"count":30,"href":"https:\/\/www.luovani.fi\/index.php?rest_route=\/wp\/v2\/pages\/2057\/revisions"}],"predecessor-version":[{"id":2392,"href":"https:\/\/www.luovani.fi\/index.php?rest_route=\/wp\/v2\/pages\/2057\/revisions\/2392"}],"wp:attachment":[{"href":"https:\/\/www.luovani.fi\/index.php?rest_route=%2Fwp%2Fv2%2Fmedia&parent=2057"}],"curies":[{"name":"wp","href":"https:\/\/api.w.org\/{rel}","templated":true}]}}